{"id":189,"date":"2021-04-19T17:09:02","date_gmt":"2021-04-19T15:09:02","guid":{"rendered":"http:\/\/valerietaton-sophrologue.com\/?page_id=189"},"modified":"2023-10-21T09:50:34","modified_gmt":"2023-10-21T07:50:34","slug":"comment","status":"publish","type":"page","link":"https:\/\/valerietaton-sophrologue.com\/index.php\/comment\/","title":{"rendered":"COMMENT ?"},"content":{"rendered":"\t\t<div data-elementor-type=\"wp-page\" data-elementor-id=\"189\" class=\"elementor elementor-189\" data-elementor-settings=\"[]\">\n\t\t\t\t\t\t\t<div class=\"elementor-section-wrap\">\n\t\t\t\t\t\t\t<section class=\"elementor-section elementor-top-section elementor-element elementor-element-30926638 elementor-section-content-middle elementor-section-boxed elementor-section-height-default elementor-section-height-default\" data-id=\"30926638\" data-element_type=\"section\">\n\t\t\t\t\t\t<div class=\"elementor-container elementor-column-gap-no\">\n\t\t\t\t\t<div class=\"elementor-column elementor-col-50 elementor-top-column elementor-element elementor-element-1cb5e268\" data-id=\"1cb5e268\" data-element_type=\"column\">\n\t\t\t<div class=\"elementor-widget-wrap elementor-element-populated\">\n\t\t\t\t\t\t\t\t<div class=\"elementor-element elementor-element-526fa968 elementor-widget-divider--view-line elementor-widget elementor-widget-divider\" data-id=\"526fa968\" data-element_type=\"widget\" data-widget_type=\"divider.default\">\n\t\t\t\t<div class=\"elementor-widget-container\">\n\t\t\t\t\t<div class=\"elementor-divider\">\n\t\t\t<span class=\"elementor-divider-separator\">\n\t\t\t\t\t\t<\/span>\n\t\t<\/div>\n\t\t\t\t<\/div>\n\t\t\t\t<\/div>\n\t\t\t\t\t<\/div>\n\t\t<\/div>\n\t\t\t\t<div class=\"elementor-column elementor-col-50 elementor-top-column elementor-element elementor-element-4a6144c\" data-id=\"4a6144c\" data-element_type=\"column\">\n\t\t\t<div class=\"elementor-widget-wrap elementor-element-populated\">\n\t\t\t\t\t\t\t\t<div class=\"elementor-element elementor-element-5a3cd157 elementor-widget elementor-widget-heading\" data-id=\"5a3cd157\" data-element_type=\"widget\" data-widget_type=\"heading.default\">\n\t\t\t\t<div class=\"elementor-widget-container\">\n\t\t\t<h5 class=\"elementor-heading-title elementor-size-default\">lA SOPHROLOGIE<\/h5>\t\t<\/div>\n\t\t\t\t<\/div>\n\t\t\t\t<div class=\"elementor-element elementor-element-6c604f8a elementor-widget elementor-widget-heading\" data-id=\"6c604f8a\" data-element_type=\"widget\" data-widget_type=\"heading.default\">\n\t\t\t\t<div class=\"elementor-widget-container\">\n\t\t\t<h4 class=\"elementor-heading-title elementor-size-default\">Comment ?<\/h4>\t\t<\/div>\n\t\t\t\t<\/div>\n\t\t\t\t<div class=\"elementor-element elementor-element-be7667b elementor-widget elementor-widget-text-editor\" data-id=\"be7667b\" data-element_type=\"widget\" data-widget_type=\"text-editor.default\">\n\t\t\t\t<div class=\"elementor-widget-container\">\n\t\t\t\t\t\t\t<h3 style=\"margin: 0cm; font-size: 12pt; font-family: 'Helvetica Neue'; color: #000000; border: none;\"><b>La sophrologie est une th\u00e9rapie br<span lang=\"IT\">\u00e8<\/span>ve, douce, non tactile.<\/b><\/h3><p class=\"Pardfaut\" style=\"margin: 0cm; font-size: 12pt; font-family: 'Helvetica Neue'; color: #000000; border: none;\">C\u2019est une m\u00e9thode qui permet d&rsquo;atteindre son objectif en 6 \u00e0 10 s\u00e9ances en moyenne, \u00e0 votre rythme.<\/p><p class=\"Pardfaut\" style=\"margin: 0cm; font-size: 12pt; font-family: 'Helvetica Neue'; color: #000000; border: none;\">Chaque suivi est personnalis\u00e9, pour r\u00e9pondre \u00e0 vos besoins sp\u00e9cifiques, en utilisant vos ressources personnelles.<\/p><p class=\"Pardfaut\" style=\"margin: 0cm; font-size: 12pt; font-family: 'Helvetica Neue'; color: #000000; border: none;\">Elle permet aussi, lors d\u2019une <strong>s\u00e9ance ponctuelle<\/strong><span lang=\"ES-TRAD\">, de <\/span><u>se d\u00e9tendre<\/u> et de se sentir mieux. La technique est simple, accessible \u00e0 tous et applicable au quotidien.<\/p>\t\t\t\t\t\t<\/div>\n\t\t\t\t<\/div>\n\t\t\t\t<div class=\"elementor-element elementor-element-bdcc13a elementor-widget elementor-widget-text-editor\" data-id=\"bdcc13a\" data-element_type=\"widget\" data-widget_type=\"text-editor.default\">\n\t\t\t\t<div class=\"elementor-widget-container\">\n\t\t\t\t\t\t\t<p><span style=\"font-family: var( --e-global-typography-text-font-family ), Sans-serif; background-color: transparent;\">Un moment de d\u00e9tente&#8230;<\/span><\/p><!--[if lt IE 9]><script>document.createElement('audio');<\/script><![endif]-->\n<audio class=\"wp-audio-shortcode\" id=\"audio-189-1\" preload=\"none\" style=\"width: 100%;\" controls=\"controls\"><source type=\"audio\/mpeg\" src=\"http:\/\/valerietaton-sophrologue.com\/wp-content\/uploads\/2023\/02\/Un-moment-de-de\u0301tente-2.m4a?_=1\" \/><a href=\"http:\/\/valerietaton-sophrologue.com\/wp-content\/uploads\/2023\/02\/Un-moment-de-de\u0301tente-2.m4a\">http:\/\/valerietaton-sophrologue.com\/wp-content\/uploads\/2023\/02\/Un-moment-de-de\u0301tente-2.m4a<\/a><\/audio>\t\t\t\t\t\t<\/div>\n\t\t\t\t<\/div>\n\t\t\t\t\t<\/div>\n\t\t<\/div>\n\t\t\t\t\t\t\t<\/div>\n\t\t<\/section>\n\t\t\t\t<section class=\"elementor-section elementor-top-section elementor-element elementor-element-ae22a21 elementor-section-boxed elementor-section-height-default elementor-section-height-default\" data-id=\"ae22a21\" data-element_type=\"section\">\n\t\t\t\t\t\t<div class=\"elementor-container elementor-column-gap-default\">\n\t\t\t\t\t\t\t\t<\/div>\n\t\t<\/section>\n\t\t\t\t<section class=\"elementor-section elementor-top-section elementor-element elementor-element-1459621 elementor-section-boxed elementor-section-height-default elementor-section-height-default\" data-id=\"1459621\" data-element_type=\"section\">\n\t\t\t\t\t\t<div class=\"elementor-container elementor-column-gap-default\">\n\t\t\t\t\t\t\t\t<\/div>\n\t\t<\/section>\n\t\t\t\t<section class=\"elementor-section elementor-top-section elementor-element elementor-element-67b7b01 elementor-section-boxed elementor-section-height-default elementor-section-height-default\" data-id=\"67b7b01\" data-element_type=\"section\">\n\t\t\t\t\t\t<div class=\"elementor-container elementor-column-gap-default\">\n\t\t\t\t\t\t\t\t<\/div>\n\t\t<\/section>\n\t\t\t\t<section class=\"elementor-section elementor-top-section elementor-element elementor-element-f3c2f0c elementor-section-boxed elementor-section-height-default elementor-section-height-default\" data-id=\"f3c2f0c\" data-element_type=\"section\">\n\t\t\t\t\t\t<div class=\"elementor-container elementor-column-gap-default\">\n\t\t\t\t\t<div class=\"elementor-column elementor-col-100 elementor-top-column elementor-element elementor-element-08e2d8f\" data-id=\"08e2d8f\" data-element_type=\"column\">\n\t\t\t<div class=\"elementor-widget-wrap elementor-element-populated\">\n\t\t\t\t\t\t\t\t<div class=\"elementor-element elementor-element-60729d3 elementor-widget elementor-widget-spacer\" data-id=\"60729d3\" data-element_type=\"widget\" data-widget_type=\"spacer.default\">\n\t\t\t\t<div class=\"elementor-widget-container\">\n\t\t\t\t\t<div class=\"elementor-spacer\">\n\t\t\t<div class=\"elementor-spacer-inner\"><\/div>\n\t\t<\/div>\n\t\t\t\t<\/div>\n\t\t\t\t<\/div>\n\t\t\t\t\t<\/div>\n\t\t<\/div>\n\t\t\t\t\t\t\t<\/div>\n\t\t<\/section>\n\t\t\t\t<section class=\"elementor-section elementor-top-section elementor-element elementor-element-d9e64d3 elementor-section-boxed elementor-section-height-default elementor-section-height-default\" data-id=\"d9e64d3\" data-element_type=\"section\">\n\t\t\t\t\t\t<div class=\"elementor-container elementor-column-gap-default\">\n\t\t\t\t\t<div class=\"elementor-column elementor-col-50 elementor-top-column elementor-element elementor-element-5ed3758\" data-id=\"5ed3758\" data-element_type=\"column\">\n\t\t\t<div class=\"elementor-widget-wrap\">\n\t\t\t\t\t\t\t\t\t<\/div>\n\t\t<\/div>\n\t\t\t\t<div class=\"elementor-column elementor-col-50 elementor-top-column elementor-element elementor-element-ba3b647\" data-id=\"ba3b647\" data-element_type=\"column\">\n\t\t\t<div class=\"elementor-widget-wrap elementor-element-populated\">\n\t\t\t\t\t\t\t\t<div class=\"elementor-element elementor-element-7b01d20b elementor-widget elementor-widget-text-editor\" data-id=\"7b01d20b\" data-element_type=\"widget\" data-widget_type=\"text-editor.default\">\n\t\t\t\t<div class=\"elementor-widget-container\">\n\t\t\t\t\t\t\t<p class=\"Pardfaut\" style=\"margin: 0cm; font-size: 12pt; font-family: 'Helvetica Neue'; color: #000000; border: none;\">Lors de chaque s\u00e9ance, d\u2019environ une heure, vous apprenez \u00e0 vous d\u00e9tendre, \u00e0 prendre de la distance avec vos \u00e9motions envahissantes, mais aussi \u00e0 vous concentrer sur vos ressentis.<\/p>\t\t\t\t\t\t<\/div>\n\t\t\t\t<\/div>\n\t\t\t\t\t<\/div>\n\t\t<\/div>\n\t\t\t\t\t\t\t<\/div>\n\t\t<\/section>\n\t\t\t\t<section class=\"elementor-section elementor-top-section elementor-element elementor-element-154c7be elementor-section-boxed elementor-section-height-default elementor-section-height-default\" data-id=\"154c7be\" data-element_type=\"section\">\n\t\t\t\t\t\t<div class=\"elementor-container elementor-column-gap-default\">\n\t\t\t\t\t<div class=\"elementor-column elementor-col-100 elementor-top-column elementor-element elementor-element-232cb25\" data-id=\"232cb25\" data-element_type=\"column\">\n\t\t\t<div class=\"elementor-widget-wrap elementor-element-populated\">\n\t\t\t\t\t\t\t\t<div class=\"elementor-element elementor-element-186be78 elementor-widget-mobile__width-initial elementor-absolute elementor-hidden-desktop elementor-hidden-tablet elementor-widget elementor-widget-image\" data-id=\"186be78\" data-element_type=\"widget\" data-settings=\"{&quot;_position&quot;:&quot;absolute&quot;}\" data-widget_type=\"image.default\">\n\t\t\t\t<div class=\"elementor-widget-container\">\n\t\t\t\t\t\t\t\t\t\t\t\t\t\t\t<img width=\"1024\" height=\"684\" src=\"https:\/\/valerietaton-sophrologue.com\/wp-content\/uploads\/2021\/07\/Comment_lotus-1024x684.png\" class=\"attachment-large size-large\" alt=\"\" loading=\"lazy\" \/>\t\t\t\t\t\t\t\t\t\t\t\t\t\t\t<\/div>\n\t\t\t\t<\/div>\n\t\t\t\t<div class=\"elementor-element elementor-element-6f5babd elementor-widget-mobile__width-initial elementor-absolute elementor-hidden-desktop elementor-hidden-tablet elementor-widget elementor-widget-image\" data-id=\"6f5babd\" data-element_type=\"widget\" data-settings=\"{&quot;_position&quot;:&quot;absolute&quot;}\" data-widget_type=\"image.default\">\n\t\t\t\t<div class=\"elementor-widget-container\">\n\t\t\t\t\t\t\t\t\t\t\t\t\t\t\t<img width=\"1024\" height=\"808\" src=\"https:\/\/valerietaton-sophrologue.com\/wp-content\/uploads\/2021\/07\/Comment_femme-1024x808.png\" class=\"attachment-large size-large\" alt=\"\" loading=\"lazy\" \/>\t\t\t\t\t\t\t\t\t\t\t\t\t\t\t<\/div>\n\t\t\t\t<\/div>\n\t\t\t\t<div class=\"elementor-element elementor-element-8450690 elementor-widget elementor-widget-spacer\" data-id=\"8450690\" data-element_type=\"widget\" data-widget_type=\"spacer.default\">\n\t\t\t\t<div class=\"elementor-widget-container\">\n\t\t\t\t\t<div class=\"elementor-spacer\">\n\t\t\t<div class=\"elementor-spacer-inner\"><\/div>\n\t\t<\/div>\n\t\t\t\t<\/div>\n\t\t\t\t<\/div>\n\t\t\t\t\t<\/div>\n\t\t<\/div>\n\t\t\t\t\t\t\t<\/div>\n\t\t<\/section>\n\t\t\t\t<section class=\"elementor-section elementor-top-section elementor-element elementor-element-b863127 elementor-section-boxed elementor-section-height-default elementor-section-height-default\" data-id=\"b863127\" data-element_type=\"section\">\n\t\t\t\t\t\t<div class=\"elementor-container elementor-column-gap-default\">\n\t\t\t\t\t\t\t\t<\/div>\n\t\t<\/section>\n\t\t\t\t<section class=\"elementor-section elementor-top-section elementor-element elementor-element-53cdf67 elementor-section-boxed elementor-section-height-default elementor-section-height-default\" data-id=\"53cdf67\" data-element_type=\"section\" data-settings=\"{&quot;background_background&quot;:&quot;classic&quot;}\">\n\t\t\t\t\t\t<div class=\"elementor-container elementor-column-gap-default\">\n\t\t\t\t\t<div class=\"elementor-column elementor-col-50 elementor-top-column elementor-element elementor-element-c51ea1e\" data-id=\"c51ea1e\" data-element_type=\"column\" data-settings=\"{&quot;background_background&quot;:&quot;classic&quot;}\">\n\t\t\t<div class=\"elementor-widget-wrap\">\n\t\t\t\t\t\t\t\t\t<\/div>\n\t\t<\/div>\n\t\t\t\t<div class=\"elementor-column elementor-col-50 elementor-top-column elementor-element elementor-element-2957352\" data-id=\"2957352\" data-element_type=\"column\" data-settings=\"{&quot;background_background&quot;:&quot;classic&quot;}\">\n\t\t\t<div class=\"elementor-widget-wrap elementor-element-populated\">\n\t\t\t\t\t\t\t\t<div class=\"elementor-element elementor-element-6d82790d elementor-widget elementor-widget-heading\" data-id=\"6d82790d\" data-element_type=\"widget\" data-widget_type=\"heading.default\">\n\t\t\t\t<div class=\"elementor-widget-container\">\n\t\t\t<h3 class=\"elementor-heading-title elementor-size-default\">Un accompagnement sophrologique\n\n<\/h3>\t\t<\/div>\n\t\t\t\t<\/div>\n\t\t\t\t\t<\/div>\n\t\t<\/div>\n\t\t\t\t\t\t\t<\/div>\n\t\t<\/section>\n\t\t\t\t<section class=\"elementor-section elementor-top-section elementor-element elementor-element-15b7918 elementor-section-boxed elementor-section-height-default elementor-section-height-default\" data-id=\"15b7918\" data-element_type=\"section\" data-settings=\"{&quot;background_background&quot;:&quot;classic&quot;}\">\n\t\t\t\t\t\t\t<div class=\"elementor-background-overlay\"><\/div>\n\t\t\t\t\t\t\t<div class=\"elementor-container elementor-column-gap-default\">\n\t\t\t\t\t<div class=\"elementor-column elementor-col-50 elementor-top-column elementor-element elementor-element-c95c5f8\" data-id=\"c95c5f8\" data-element_type=\"column\" data-settings=\"{&quot;background_background&quot;:&quot;classic&quot;}\">\n\t\t\t<div class=\"elementor-widget-wrap elementor-element-populated\">\n\t\t\t\t\t\t\t\t<div class=\"elementor-element elementor-element-2dd7d51 elementor-widget__width-initial elementor-absolute elementor-widget-tablet__width-initial elementor-widget-mobile__width-initial elementor-hidden-phone elementor-widget elementor-widget-image\" data-id=\"2dd7d51\" data-element_type=\"widget\" data-settings=\"{&quot;_position&quot;:&quot;absolute&quot;}\" data-widget_type=\"image.default\">\n\t\t\t\t<div class=\"elementor-widget-container\">\n\t\t\t\t\t\t\t\t\t\t\t\t\t\t\t<img width=\"744\" height=\"1024\" src=\"https:\/\/valerietaton-sophrologue.com\/wp-content\/uploads\/2021\/06\/1comment-744x1024.png\" class=\"attachment-large size-large\" alt=\"\" loading=\"lazy\" \/>\t\t\t\t\t\t\t\t\t\t\t\t\t\t\t<\/div>\n\t\t\t\t<\/div>\n\t\t\t\t\t<\/div>\n\t\t<\/div>\n\t\t\t\t<div class=\"elementor-column elementor-col-50 elementor-top-column elementor-element elementor-element-01889db\" data-id=\"01889db\" data-element_type=\"column\" data-settings=\"{&quot;background_background&quot;:&quot;classic&quot;}\">\n\t\t\t<div class=\"elementor-widget-wrap elementor-element-populated\">\n\t\t\t\t\t\t\t\t<div class=\"elementor-element elementor-element-61f2f78a elementor-widget elementor-widget-text-editor\" data-id=\"61f2f78a\" data-element_type=\"widget\" data-widget_type=\"text-editor.default\">\n\t\t\t\t<div class=\"elementor-widget-container\">\n\t\t\t\t\t\t\t<p class=\"Pardfaut\" style=\"margin: 0cm; font-size: 12pt; font-family: 'Helvetica Neue'; color: #000000; border: none;\">Lors de la premi\u00e8re prise de contact, nous d\u00e9terminerons <b>vos besoins<\/b> et vous d\u00e9finirez <b>votre objectif<\/b>. J\u2019\u00e9tablirai ensuite un protocole d\u2019accompagnement personnalis\u00e9 pour vous permettre d\u2019acc\u00e9der \u00e0 l\u2019\u00e9tat souhait\u00e9 et de le p\u00e9renniser.<\/p>\n<p class=\"Pardfaut\" style=\"margin: 0cm; font-size: 12pt; font-family: 'Helvetica Neue'; color: #000000; border: none;\">Lors des s\u00e9ances suivantes, je vous guiderai dans des exercices psycho-corporels bas\u00e9s sur la respiration contr\u00f4l\u00e9e (l\u00e9g\u00e8res r\u00e9tentions, expirations plus ou moins intenses\u2026), la d\u00e9tente musculaire (crispations douces, rel\u00e2chement\u2026) et la visualisation positive (suggestion mentale, cr\u00e9ation d<span dir=\"RTL\" lang=\"AR-SA\" style=\"font-family: 'Arial Unicode MS', sans-serif;\">\u2019<\/span>images\u2026).<\/p>\n<p class=\"Pardfaut\" style=\"margin: 0cm; font-size: 12pt; font-family: 'Helvetica Neue'; color: #000000; border: none;\">Puis, au travers de moments de dialogues, je vous inviterai \u00e0 vous exprimer sur <b>vos sensations et vos ressentis <\/b>et \u00e0 en prendre conscience.<\/p>\n<p class=\"Pardfaut\" style=\"margin: 0cm; font-size: 12pt; font-family: 'Helvetica Neue'; color: #000000; border: none;\">Je vous encouragerai \u00e9galement \u00e0 refaire les exercices chez vous entre deux s\u00e9ances, afin d\u2019int\u00e9grer le plus rapidement possible les techniques de sophrologie dans votre vie quotidienne. Ainsi vous deviendrez autonome et aurez une belle panoplie d\u2019outils pour <b>vous aider \u00e0 aller mieux<\/b>.<\/p>\t\t\t\t\t\t<\/div>\n\t\t\t\t<\/div>\n\t\t\t\t\t<\/div>\n\t\t<\/div>\n\t\t\t\t\t\t\t<\/div>\n\t\t<\/section>\n\t\t\t\t<section class=\"elementor-section elementor-top-section elementor-element elementor-element-240bcb1 elementor-section-boxed elementor-section-height-default elementor-section-height-default\" data-id=\"240bcb1\" data-element_type=\"section\">\n\t\t\t\t\t\t<div class=\"elementor-container elementor-column-gap-default\">\n\t\t\t\t\t<div class=\"elementor-column elementor-col-100 elementor-top-column elementor-element elementor-element-495a2d4\" data-id=\"495a2d4\" data-element_type=\"column\">\n\t\t\t<div class=\"elementor-widget-wrap elementor-element-populated\">\n\t\t\t\t\t\t\t\t<div class=\"elementor-element elementor-element-d551e37 elementor-widget elementor-widget-spacer\" data-id=\"d551e37\" data-element_type=\"widget\" data-widget_type=\"spacer.default\">\n\t\t\t\t<div class=\"elementor-widget-container\">\n\t\t\t\t\t<div class=\"elementor-spacer\">\n\t\t\t<div class=\"elementor-spacer-inner\"><\/div>\n\t\t<\/div>\n\t\t\t\t<\/div>\n\t\t\t\t<\/div>\n\t\t\t\t\t<\/div>\n\t\t<\/div>\n\t\t\t\t\t\t\t<\/div>\n\t\t<\/section>\n\t\t\t\t\t\t<\/div>\n\t\t\t\t\t<\/div>\n\t\t","protected":false},"excerpt":{"rendered":"<p>lA SOPHROLOGIE Comment ? La sophrologie est une th\u00e9rapie br\u00e8ve, douce, non tactile. C\u2019est une m\u00e9thode qui permet d&rsquo;atteindre son objectif en 6 \u00e0 10 s\u00e9ances en moyenne, \u00e0 votre rythme. Chaque suivi est personnalis\u00e9, pour r\u00e9pondre \u00e0 vos besoins sp\u00e9cifiques, en utilisant vos ressources personnelles. Elle permet aussi, lors d\u2019une s\u00e9ance ponctuelle, de se&#8230;<\/p>\n","protected":false},"author":1,"featured_media":0,"parent":0,"menu_order":0,"comment_status":"closed","ping_status":"closed","template":"","meta":{"_kad_post_transparent":"","_kad_post_title":"hide","_kad_post_layout":"fullwidth","_kad_post_sidebar_id":"","_kad_post_content_style":"unboxed","_kad_post_vertical_padding":"hide","_kad_post_feature":"hide","_kad_post_feature_position":"","_kad_post_header":false,"_kad_post_footer":false},"_links":{"self":[{"href":"https:\/\/valerietaton-sophrologue.com\/index.php\/wp-json\/wp\/v2\/pages\/189"}],"collection":[{"href":"https:\/\/valerietaton-sophrologue.com\/index.php\/wp-json\/wp\/v2\/pages"}],"about":[{"href":"https:\/\/valerietaton-sophrologue.com\/index.php\/wp-json\/wp\/v2\/types\/page"}],"author":[{"embeddable":true,"href":"https:\/\/valerietaton-sophrologue.com\/index.php\/wp-json\/wp\/v2\/users\/1"}],"replies":[{"embeddable":true,"href":"https:\/\/valerietaton-sophrologue.com\/index.php\/wp-json\/wp\/v2\/comments?post=189"}],"version-history":[{"count":115,"href":"https:\/\/valerietaton-sophrologue.com\/index.php\/wp-json\/wp\/v2\/pages\/189\/revisions"}],"predecessor-version":[{"id":2287,"href":"https:\/\/valerietaton-sophrologue.com\/index.php\/wp-json\/wp\/v2\/pages\/189\/revisions\/2287"}],"wp:attachment":[{"href":"https:\/\/valerietaton-sophrologue.com\/index.php\/wp-json\/wp\/v2\/media?parent=189"}],"curies":[{"name":"wp","href":"https:\/\/api.w.org\/{rel}","templated":true}]}}